{"id":49,"date":"2017-01-10T19:10:20","date_gmt":"2017-01-10T19:10:20","guid":{"rendered":"http:\/\/bgp-technik.de\/?page_id=49"},"modified":"2017-01-10T19:11:09","modified_gmt":"2017-01-10T19:11:09","slug":"home-2","status":"publish","type":"page","link":"https:\/\/bgp-technik.de\/?page_id=49","title":{"rendered":"Unser Unternehmen"},"content":{"rendered":"<p>Willkommen auf der Internetpr\u00e4senz der BGP Boden und Grundwasser Probenahmetechnik.<\/p>\n<p>Als erfahrener und zuverl\u00e4ssiger Partner im Bereich der Probenahmetechnik bieten wir Leistungen f\u00fcr die folgenden Bereiche an:<\/p>\n<p style=\"text-align: center;\" align=\"center\">Baugrunduntersuchungen<\/p>\n<p style=\"text-align: center;\" align=\"center\">Altlastenuntersuchungen und Sanierung<\/p>\n<p style=\"text-align: center;\" align=\"center\">Wege- und Leitungsbau<\/p>\n<p style=\"text-align: center;\" align=\"center\">Grundwassermonitoring<\/p>\n<p style=\"text-align: center;\" align=\"center\">Beprobungen von Aushub und Recyclingmaterial<\/p>\n<p style=\"text-align: center;\" align=\"center\">Oberbodenbeprobung nach BBod.Sch.V.<\/p>\n<p style=\"text-align: center;\" align=\"center\">Geb\u00e4udeschadstoffe<\/p>\n<p style=\"text-align: center;\" align=\"center\">Geotechnik<\/p>\n","protected":false},"excerpt":{"rendered":"<p>Willkommen auf der Internetpr\u00e4senz der BGP Boden und Grundwasser Probenahmetechnik. Als erfahrener und zuverl\u00e4ssiger Partner im Bereich der Probenahmetechnik bieten wir Leistungen f\u00fcr die folgenden Bereiche an: Baugrunduntersuchungen Altlastenuntersuchungen und &#8230;<\/p>\n","protected":false},"author":1,"featured_media":0,"parent":0,"menu_order":0,"comment_status":"closed","ping_status":"closed","template":"","meta":{"ngg_post_thumbnail":0,"footnotes":""},"class_list":["post-49","page","type-page","status-publish","hentry"],"_links":{"self":[{"href":"https:\/\/bgp-technik.de\/index.php?rest_route=\/wp\/v2\/pages\/49","targetHints":{"allow":["GET"]}}],"collection":[{"href":"https:\/\/bgp-technik.de\/index.php?rest_route=\/wp\/v2\/pages"}],"about":[{"href":"https:\/\/bgp-technik.de\/index.php?rest_route=\/wp\/v2\/types\/page"}],"author":[{"embeddable":true,"href":"https:\/\/bgp-technik.de\/index.php?rest_route=\/wp\/v2\/users\/1"}],"replies":[{"embeddable":true,"href":"https:\/\/bgp-technik.de\/index.php?rest_route=%2Fwp%2Fv2%2Fcomments&post=49"}],"version-history":[{"count":3,"href":"https:\/\/bgp-technik.de\/index.php?rest_route=\/wp\/v2\/pages\/49\/revisions"}],"predecessor-version":[{"id":54,"href":"https:\/\/bgp-technik.de\/index.php?rest_route=\/wp\/v2\/pages\/49\/revisions\/54"}],"wp:attachment":[{"href":"https:\/\/bgp-technik.de\/index.php?rest_route=%2Fwp%2Fv2%2Fmedia&parent=49"}],"curies":[{"name":"wp","href":"https:\/\/api.w.org\/{rel}","templated":true}]}}